{"id":2092,"date":"2021-05-08T05:13:26","date_gmt":"2021-05-08T03:13:26","guid":{"rendered":"http:\/\/29003.web.zcom.it\/prodotti\/portoni-industriali\/porte-avvolgibili-in-pvc\/"},"modified":"2021-05-08T05:13:26","modified_gmt":"2021-05-08T03:13:26","slug":"porte-avvolgibili-in-pvc","status":"publish","type":"page","link":"https:\/\/www.mortec.it\/it\/prodotti\/portoni-industriali\/porte-avvolgibili-in-pvc\/","title":{"rendered":"Porte avvolgibili in PVC"},"content":{"rendered":"<p><div class=\"fusion-fullwidth fullwidth-box fusion-builder-row-1 fusion-flex-container nonhundred-percent-fullwidth non-hundred-percent-height-scrolling\" style=\"background-color: rgba(255,255,255,0);background-position: center center;background-repeat: no-repeat;border-width: 0px 0px 0px 0px;border-color:#e2e2e2;border-style:solid;min-height:450px;\" ><div class=\"fusion-builder-row fusion-row fusion-flex-align-items-flex-start fusion-flex-align-content-center\" style=\"max-width:1248px;margin-left: calc(-4% \/ 2 );margin-right: calc(-4% \/ 2 );\"><div class=\"fusion-layout-column fusion_builder_column fusion-builder-column-0 fusion_builder_column_1_2 1_2 fusion-flex-column fusion-flex-align-self-center\"><div class=\"fusion-column-wrapper fusion-flex-justify-content-flex-start fusion-content-layout-column\" style=\"background-position:left top;background-repeat:no-repeat;-webkit-background-size:cover;-moz-background-size:cover;-o-background-size:cover;background-size:cover;padding: 0px 0px 0px 0px;\"><div class=\"fusion-text fusion-text-1\"><p>La Mortec \u00e8 una delle aziende altoatesine che si sono fatte un nome nel settore delle tapparelle. L&#8217;industria mette sempre pi\u00fa focus di risparmiare efficacemente i fattori di tempo e denaro. I grandi impianti di produzione, in particolare, hanno spesso un gran numero di sale interconnesse per le quali sono necessarie porte di collegamento. \u00c8 importante per questi cancelli che occupino poco spazio, che siano stabili e che durino a lungo, perch\u00e9 \u00e8 una grande fatica per un dispositivo automatico come questo essere aperto e chiuso costantemente. Naturalmente, \u00e8 ancora meglio se i cancelli ad apertura rapida, all&#8217;altezza del loro nome, brillano con tempi minimi di apertura e chiusura e hanno un prezzo favorevole.<\/p>\n<\/div><\/div><style type=\"text\/css\">.fusion-body .fusion-builder-column-0{width:50% !important;margin-top : 0px;margin-bottom : 20px;}.fusion-builder-column-0 > .fusion-column-wrapper {padding-top : 0px !important;padding-right : 0px !important;margin-right : 3.84%;padding-bottom : 0px !important;padding-left : 0px !important;margin-left : 3.84%;}@media only screen and (max-width:1024px) {.fusion-body .fusion-builder-column-0{width:50% !important;order : 0;}.fusion-builder-column-0 > .fusion-column-wrapper {margin-right : 3.84%;margin-left : 3.84%;}}@media only screen and (max-width:640px) {.fusion-body .fusion-builder-column-0{width:100% !important;order : 0;}.fusion-builder-column-0 > .fusion-column-wrapper {margin-right : 1.92%;margin-left : 1.92%;}}<\/style><\/div><div class=\"fusion-layout-column fusion_builder_column fusion-builder-column-1 fusion_builder_column_1_2 1_2 fusion-flex-column\"><div class=\"fusion-column-wrapper fusion-flex-justify-content-flex-start fusion-content-layout-column\" style=\"background-position:left top;background-repeat:no-repeat;-webkit-background-size:cover;-moz-background-size:cover;-o-background-size:cover;background-size:cover;padding: 0px 0px 0px 0px;\"><div ><span class=\" fusion-imageframe imageframe-none imageframe-1 hover-type-none\"><img decoding=\"async\" width=\"576\" height=\"360\" title=\"SLT_1\" src=\"https:\/\/www.mortec.it\/wp-content\/uploads\/2021\/03\/SLT_1-1.jpg\" data-orig-src=\"https:\/\/mortec.it\/wp-content\/uploads\/2021\/03\/SLT_1-1.jpg\" class=\"lazyload img-responsive wp-image-1550\" srcset=\"data:image\/svg+xml,%3Csvg%20xmlns%3D%27http%3A%2F%2Fwww.w3.org%2F2000%2Fsvg%27%20width%3D%27576%27%20height%3D%27360%27%20viewBox%3D%270%200%20576%20360%27%3E%3Crect%20width%3D%27576%27%20height%3D%27360%27%20fill-opacity%3D%220%22%2F%3E%3C%2Fsvg%3E\" data-srcset=\"https:\/\/www.mortec.it\/wp-content\/uploads\/2021\/03\/SLT_1-1-200x125.jpg 200w, https:\/\/www.mortec.it\/wp-content\/uploads\/2021\/03\/SLT_1-1-400x250.jpg 400w, https:\/\/www.mortec.it\/wp-content\/uploads\/2021\/03\/SLT_1-1.jpg 576w\" data-sizes=\"auto\" data-orig-sizes=\"(max-width: 640px) 100vw, 576px\" \/><\/span><\/div><\/div><style type=\"text\/css\">.fusion-body .fusion-builder-column-1{width:50% !important;margin-top : 0px;margin-bottom : 20px;}.fusion-builder-column-1 > .fusion-column-wrapper {padding-top : 0px !important;padding-right : 0px !important;margin-right : 3.84%;padding-bottom : 0px !important;padding-left : 0px !important;margin-left : 3.84%;}@media only screen and (max-width:1024px) {.fusion-body .fusion-builder-column-1{width:50% !important;order : 0;}.fusion-builder-column-1 > .fusion-column-wrapper {margin-right : 3.84%;margin-left : 3.84%;}}@media only screen and (max-width:640px) {.fusion-body .fusion-builder-column-1{width:100% !important;order : 0;}.fusion-builder-column-1 > .fusion-column-wrapper {margin-right : 1.92%;margin-left : 1.92%;}}<\/style><\/div><\/div><style type=\"text\/css\">.fusion-body .fusion-flex-container.fusion-builder-row-1{ padding-top : 0px;margin-top : 0px;padding-right : 0px;padding-bottom : 0px;margin-bottom : 0px;padding-left : 0px;}<\/style><\/div><div class=\"fusion-fullwidth fullwidth-box fusion-builder-row-2 fusion-flex-container nonhundred-percent-fullwidth non-hundred-percent-height-scrolling\" style=\"background-color: rgba(255,255,255,0);background-position: center center;background-repeat: no-repeat;border-width: 0px 0px 0px 0px;border-color:#e2e2e2;border-style:solid;min-height:450px;\" ><div class=\"fusion-builder-row fusion-row fusion-flex-align-items-flex-start fusion-flex-align-content-center\" style=\"max-width:1248px;margin-left: calc(-4% \/ 2 );margin-right: calc(-4% \/ 2 );\"><div class=\"fusion-layout-column fusion_builder_column fusion-builder-column-2 fusion_builder_column_1_1 1_1 fusion-flex-column fusion-flex-align-self-center\"><div class=\"fusion-column-wrapper fusion-flex-justify-content-flex-start fusion-content-layout-column\" style=\"background-position:left top;background-repeat:no-repeat;-webkit-background-size:cover;-moz-background-size:cover;-o-background-size:cover;background-size:cover;padding: 0px 0px 0px 0px;\"><style type=\"text\/css\">@media only screen and (max-width:1024px) {.fusion-title.fusion-title-1{margin-top:10px!important; margin-right:0px!important;margin-bottom:15px!important;margin-left:0px!important;}}@media only screen and (max-width:640px) {.fusion-title.fusion-title-1{margin-top:10px!important; margin-right:0px!important;margin-bottom:10px!important; margin-left:0px!important;}}<\/style><div class=\"fusion-title title fusion-title-1 fusion-sep-none fusion-title-text fusion-title-size-one\" style=\"margin-top:10px;margin-right:0px;margin-bottom:15px;margin-left:0px;\"><h1 class=\"title-heading-left\" style=\"margin:0;\"><h2>Caratteristiche delle porte avvolgibili in PVC<\/h2><\/h1><\/div><div class=\"fusion-separator\" style=\"align-self: flex-start;margin-right:auto;margin-bottom:20px;width:100%;max-width:100px;\"><div class=\"fusion-separator-border sep-single\" style=\"border-color:#8bc34a;border-top-width:4px;\"><\/div><\/div><\/div><style type=\"text\/css\">.fusion-body .fusion-builder-column-2{width:100% !important;margin-top : 0px;margin-bottom : 20px;}.fusion-builder-column-2 > .fusion-column-wrapper {padding-top : 0px !important;padding-right : 0px !important;margin-right : 1.92%;padding-bottom : 0px !important;padding-left : 0px !important;margin-left : 1.92%;}@media only screen and (max-width:1024px) {.fusion-body .fusion-builder-column-2{width:100% !important;order : 0;}.fusion-builder-column-2 > .fusion-column-wrapper {margin-right : 1.92%;margin-left : 1.92%;}}@media only screen and (max-width:640px) {.fusion-body .fusion-builder-column-2{width:100% !important;order : 0;}.fusion-builder-column-2 > .fusion-column-wrapper {margin-right : 1.92%;margin-left : 1.92%;}}<\/style><\/div><div class=\"fusion-layout-column fusion_builder_column fusion-builder-column-3 fusion_builder_column_1_2 1_2 fusion-flex-column\"><div class=\"fusion-column-wrapper fusion-flex-justify-content-flex-start fusion-content-layout-column\" style=\"background-position:left top;background-repeat:no-repeat;-webkit-background-size:cover;-moz-background-size:cover;-o-background-size:cover;background-size:cover;padding: 0px 0px 0px 0px;\"><div ><span class=\" fusion-imageframe imageframe-none imageframe-2 hover-type-none\"><img decoding=\"async\" width=\"576\" height=\"360\" title=\"SLT_2\" src=\"https:\/\/www.mortec.it\/wp-content\/uploads\/2021\/03\/SLT_2-1.jpg\" data-orig-src=\"https:\/\/mortec.it\/wp-content\/uploads\/2021\/03\/SLT_2-1.jpg\" class=\"lazyload img-responsive wp-image-1530\" srcset=\"data:image\/svg+xml,%3Csvg%20xmlns%3D%27http%3A%2F%2Fwww.w3.org%2F2000%2Fsvg%27%20width%3D%27576%27%20height%3D%27360%27%20viewBox%3D%270%200%20576%20360%27%3E%3Crect%20width%3D%27576%27%20height%3D%27360%27%20fill-opacity%3D%220%22%2F%3E%3C%2Fsvg%3E\" data-srcset=\"https:\/\/www.mortec.it\/wp-content\/uploads\/2021\/03\/SLT_2-1-200x125.jpg 200w, https:\/\/www.mortec.it\/wp-content\/uploads\/2021\/03\/SLT_2-1-400x250.jpg 400w, https:\/\/www.mortec.it\/wp-content\/uploads\/2021\/03\/SLT_2-1.jpg 576w\" data-sizes=\"auto\" data-orig-sizes=\"(max-width: 640px) 100vw, 576px\" \/><\/span><\/div><\/div><style type=\"text\/css\">.fusion-body .fusion-builder-column-3{width:50% !important;margin-top : 0px;margin-bottom : 20px;}.fusion-builder-column-3 > .fusion-column-wrapper {padding-top : 0px !important;padding-right : 0px !important;margin-right : 3.84%;padding-bottom : 0px !important;padding-left : 0px !important;margin-left : 3.84%;}@media only screen and (max-width:1024px) {.fusion-body .fusion-builder-column-3{width:50% !important;order : 0;}.fusion-builder-column-3 > .fusion-column-wrapper {margin-right : 3.84%;margin-left : 3.84%;}}@media only screen and (max-width:640px) {.fusion-body .fusion-builder-column-3{width:100% !important;order : 0;}.fusion-builder-column-3 > .fusion-column-wrapper {margin-right : 1.92%;margin-left : 1.92%;}}<\/style><\/div><div class=\"fusion-layout-column fusion_builder_column fusion-builder-column-4 fusion_builder_column_1_2 1_2 fusion-flex-column fusion-flex-align-self-center\"><div class=\"fusion-column-wrapper fusion-flex-justify-content-flex-start fusion-content-layout-column\" style=\"background-position:left top;background-repeat:no-repeat;-webkit-background-size:cover;-moz-background-size:cover;-o-background-size:cover;background-size:cover;padding: 0px 0px 0px 0px;\"><div class=\"fusion-text fusion-text-2\"><p>La nostra azienda di Caldaro presta particolare attenzione all&#8217;uso mirato di materiali e metodi di lavorazione di prima classe nella costruzione delle porte avvolgibili Schnellauf. In dettaglio, questo significa che l&#8217;albero principale delle nostre porte \u00e8 fatto di alluminio naturale e tutte le parti in acciaio cos\u00ec come la staffa di posizione sono galvanizzate da esperti. La guida inferiore anodizzata con dispositivo di sicurezza del bordo di chiusura autocontrollato assicura un meccanismo di chiusura regolare. Per la tenda delle porte avvolgibili Schnellauf viene utilizzato il PVC resistente, in modo che le stanze siano isolate in modo ottimale e la tenda stessa sia facile da pulire. In termini di design, \u00e8 possibile disegnare il PVC con strisce di tessuto orizzontali nei colori azzurro, denaro, arancione o semplicemente trasparente. Su richiesta, saremo lieti di informarvi anche sulla protezione dalla pressione del vento.<\/p>\n<\/div><\/div><style type=\"text\/css\">.fusion-body .fusion-builder-column-4{width:50% !important;margin-top : 0px;margin-bottom : 20px;}.fusion-builder-column-4 > .fusion-column-wrapper {padding-top : 0px !important;padding-right : 0px !important;margin-right : 3.84%;padding-bottom : 0px !important;padding-left : 0px !important;margin-left : 3.84%;}@media only screen and (max-width:1024px) {.fusion-body .fusion-builder-column-4{width:50% !important;order : 0;}.fusion-builder-column-4 > .fusion-column-wrapper {margin-right : 3.84%;margin-left : 3.84%;}}@media only screen and (max-width:640px) {.fusion-body .fusion-builder-column-4{width:100% !important;order : 0;}.fusion-builder-column-4 > .fusion-column-wrapper {margin-right : 1.92%;margin-left : 1.92%;}}<\/style><\/div><\/div><style type=\"text\/css\">.fusion-body .fusion-flex-container.fusion-builder-row-2{ padding-top : 0px;margin-top : 0px;padding-right : 0px;padding-bottom : 0px;margin-bottom : 0px;padding-left : 0px;}<\/style><\/div><div class=\"fusion-fullwidth fullwidth-box fusion-builder-row-3 fusion-flex-container nonhundred-percent-fullwidth non-hundred-percent-height-scrolling\" style=\"background-color: rgba(255,255,255,0);background-position: center center;background-repeat: no-repeat;border-width: 0px 0px 0px 0px;border-color:#e2e2e2;border-style:solid;min-height:450px;\" ><div class=\"fusion-builder-row fusion-row fusion-flex-align-items-flex-start fusion-flex-align-content-center\" style=\"max-width:1248px;margin-left: calc(-4% \/ 2 );margin-right: calc(-4% \/ 2 );\"><div class=\"fusion-layout-column fusion_builder_column fusion-builder-column-5 fusion_builder_column_1_1 1_1 fusion-flex-column fusion-flex-align-self-center\"><div class=\"fusion-column-wrapper fusion-flex-justify-content-flex-start fusion-content-layout-column\" style=\"background-position:left top;background-repeat:no-repeat;-webkit-background-size:cover;-moz-background-size:cover;-o-background-size:cover;background-size:cover;padding: 0px 0px 0px 0px;\"><style type=\"text\/css\">@media only screen and (max-width:1024px) {.fusion-title.fusion-title-2{margin-top:10px!important; margin-right:0px!important;margin-bottom:15px!important;margin-left:0px!important;}}@media only screen and (max-width:640px) {.fusion-title.fusion-title-2{margin-top:10px!important; margin-right:0px!important;margin-bottom:10px!important; margin-left:0px!important;}}<\/style><div class=\"fusion-title title fusion-title-2 fusion-sep-none fusion-title-text fusion-title-size-one\" style=\"margin-top:10px;margin-right:0px;margin-bottom:15px;margin-left:0px;\"><h1 class=\"title-heading-left\" style=\"margin:0;\"><h3>Dati chiave delle porte avvolgibili in PVC<\/h3><\/h1><\/div><div class=\"fusion-separator\" style=\"align-self: flex-start;margin-right:auto;margin-bottom:20px;width:100%;max-width:100px;\"><div class=\"fusion-separator-border sep-single\" style=\"border-color:#8bc34a;border-top-width:4px;\"><\/div><\/div><div class=\"fusion-text fusion-text-3\"><p>Affinch\u00e9 i nostri tecnici possano installare con successo la porta a rullo Schnellauf sul vostro sito, devono essere soddisfatti alcuni requisiti. In primo luogo, l&#8217;altezza dell&#8217;architrave deve essere di 400 mm e lo spazio laterale di 300 mm dal lato dell&#8217;azionamento e di 150 mm dal lato dello stoccaggio \u00e8 richiesto. Le nostre porte hanno un azionamento a scorrimento con fermo di sicurezza incorporato e hanno una velocit\u00e0 di apertura\/chiusura di 0,8 m\/s e un pratico pulsante a 3 pieghe come standard.<\/p>\n<\/div><\/div><style type=\"text\/css\">.fusion-body .fusion-builder-column-5{width:100% !important;margin-top : 0px;margin-bottom : 20px;}.fusion-builder-column-5 > .fusion-column-wrapper {padding-top : 0px !important;padding-right : 0px !important;margin-right : 1.92%;padding-bottom : 0px !important;padding-left : 0px !important;margin-left : 1.92%;}@media only screen and (max-width:1024px) {.fusion-body .fusion-builder-column-5{width:100% !important;order : 0;}.fusion-builder-column-5 > .fusion-column-wrapper {margin-right : 1.92%;margin-left : 1.92%;}}@media only screen and (max-width:640px) {.fusion-body .fusion-builder-column-5{width:100% !important;order : 0;}.fusion-builder-column-5 > .fusion-column-wrapper {margin-right : 1.92%;margin-left : 1.92%;}}<\/style><\/div><\/div><style type=\"text\/css\">.fusion-body .fusion-flex-container.fusion-builder-row-3{ padding-top : 0px;margin-top : 0px;padding-right : 0px;padding-bottom : 0px;margin-bottom : 0px;padding-left : 0px;}<\/style><\/div><\/p>\n","protected":false},"excerpt":{"rendered":"","protected":false},"author":1,"featured_media":1550,"parent":1279,"menu_order":0,"comment_status":"closed","ping_status":"closed","template":"","meta":{"inline_featured_image":false},"yoast_head":"<!-- This site is optimized with the Yoast SEO Premium plugin v16.2 (Yoast SEO v20.5) - https:\/\/yoast.com\/wordpress\/plugins\/seo\/ -->\n<title>Porte avvolgibili in PVC - Mortec Tor: Industrietore \u00b7 Einfahrtstore \u00b7 Garagentore<\/title>\n<meta name=\"robots\" content=\"index, follow, max-snippet:-1, max-image-preview:large, max-video-preview:-1\" \/>\n<link rel=\"canonical\" href=\"https:\/\/www.mortec.it\/it\/prodotti\/portoni-industriali\/porte-avvolgibili-in-pvc\/\" \/>\n<meta property=\"og:locale\" content=\"it_IT\" \/>\n<meta property=\"og:type\" content=\"article\" \/>\n<meta property=\"og:title\" content=\"Porte avvolgibili in PVC - Mortec Tor: Industrietore \u00b7 Einfahrtstore \u00b7 Garagentore\" \/>\n<meta property=\"og:url\" content=\"https:\/\/www.mortec.it\/it\/prodotti\/portoni-industriali\/porte-avvolgibili-in-pvc\/\" \/>\n<meta property=\"og:site_name\" content=\"Mortec Tor: Industrietore \u00b7 Einfahrtstore \u00b7 Garagentore\" \/>\n<meta property=\"article:publisher\" content=\"https:\/\/m.facebook.com\/MortecTooor\/\" \/>\n<meta property=\"og:image\" content=\"https:\/\/www.mortec.it\/wp-content\/uploads\/2021\/03\/SLT_1-1.jpg\" \/>\n\t<meta property=\"og:image:width\" content=\"576\" \/>\n\t<meta property=\"og:image:height\" content=\"360\" \/>\n\t<meta property=\"og:image:type\" content=\"image\/jpeg\" \/>\n<meta name=\"twitter:card\" content=\"summary_large_image\" \/>\n<meta name=\"twitter:label1\" content=\"Tempo di lettura stimato\" \/>\n\t<meta name=\"twitter:data1\" content=\"14 minuti\" \/>\n<script type=\"application\/ld+json\" class=\"yoast-schema-graph\">{\"@context\":\"https:\/\/schema.org\",\"@graph\":[{\"@type\":\"WebPage\",\"@id\":\"https:\/\/www.mortec.it\/it\/prodotti\/portoni-industriali\/porte-avvolgibili-in-pvc\/\",\"url\":\"https:\/\/www.mortec.it\/it\/prodotti\/portoni-industriali\/porte-avvolgibili-in-pvc\/\",\"name\":\"Porte avvolgibili in PVC - Mortec Tor: Industrietore \u00b7 Einfahrtstore \u00b7 Garagentore\",\"isPartOf\":{\"@id\":\"https:\/\/www.mortec.it\/it\/#website\"},\"datePublished\":\"2021-05-08T03:13:26+00:00\",\"dateModified\":\"2021-05-08T03:13:26+00:00\",\"breadcrumb\":{\"@id\":\"https:\/\/www.mortec.it\/it\/prodotti\/portoni-industriali\/porte-avvolgibili-in-pvc\/#breadcrumb\"},\"inLanguage\":\"it-IT\",\"potentialAction\":[{\"@type\":\"ReadAction\",\"target\":[\"https:\/\/www.mortec.it\/it\/prodotti\/portoni-industriali\/porte-avvolgibili-in-pvc\/\"]}]},{\"@type\":\"BreadcrumbList\",\"@id\":\"https:\/\/www.mortec.it\/it\/prodotti\/portoni-industriali\/porte-avvolgibili-in-pvc\/#breadcrumb\",\"itemListElement\":[{\"@type\":\"ListItem\",\"position\":1,\"name\":\"Home\",\"item\":\"https:\/\/www.mortec.it\/it\/\"},{\"@type\":\"ListItem\",\"position\":2,\"name\":\"Prodotti\",\"item\":\"https:\/\/www.mortec.it\/it\/prodotti\/\"},{\"@type\":\"ListItem\",\"position\":3,\"name\":\"Portoni industriali\",\"item\":\"https:\/\/www.mortec.it\/it\/prodotti\/portoni-industriali\/\"},{\"@type\":\"ListItem\",\"position\":4,\"name\":\"Porte avvolgibili in PVC\"}]},{\"@type\":\"WebSite\",\"@id\":\"https:\/\/www.mortec.it\/it\/#website\",\"url\":\"https:\/\/www.mortec.it\/it\/\",\"name\":\"Mortec Tor: Industrietore \u00b7 Einfahrtstore \u00b7 Garagentore\",\"description\":\"Eine weitere WordPress-Website\",\"publisher\":{\"@id\":\"https:\/\/www.mortec.it\/it\/#organization\"},\"potentialAction\":[{\"@type\":\"SearchAction\",\"target\":{\"@type\":\"EntryPoint\",\"urlTemplate\":\"https:\/\/www.mortec.it\/it\/?s={search_term_string}\"},\"query-input\":\"required name=search_term_string\"}],\"inLanguage\":\"it-IT\"},{\"@type\":\"Organization\",\"@id\":\"https:\/\/www.mortec.it\/it\/#organization\",\"name\":\"Mooortec GmbH\",\"url\":\"https:\/\/www.mortec.it\/it\/\",\"logo\":{\"@type\":\"ImageObject\",\"inLanguage\":\"it-IT\",\"@id\":\"https:\/\/www.mortec.it\/it\/#\/schema\/logo\/image\/\",\"url\":\"https:\/\/mortec.it\/wp-content\/uploads\/2021\/04\/Mortect-Tor.png\",\"contentUrl\":\"https:\/\/mortec.it\/wp-content\/uploads\/2021\/04\/Mortect-Tor.png\",\"width\":515,\"height\":189,\"caption\":\"Mooortec GmbH\"},\"image\":{\"@id\":\"https:\/\/www.mortec.it\/it\/#\/schema\/logo\/image\/\"},\"sameAs\":[\"https:\/\/m.facebook.com\/MortecTooor\/\"]}]}<\/script>\n<!-- \/ Yoast SEO Premium plugin. -->","yoast_head_json":{"title":"Porte avvolgibili in PVC - Mortec Tor: Industrietore \u00b7 Einfahrtstore \u00b7 Garagentore","robots":{"index":"index","follow":"follow","max-snippet":"max-snippet:-1","max-image-preview":"max-image-preview:large","max-video-preview":"max-video-preview:-1"},"canonical":"https:\/\/www.mortec.it\/it\/prodotti\/portoni-industriali\/porte-avvolgibili-in-pvc\/","og_locale":"it_IT","og_type":"article","og_title":"Porte avvolgibili in PVC - Mortec Tor: Industrietore \u00b7 Einfahrtstore \u00b7 Garagentore","og_url":"https:\/\/www.mortec.it\/it\/prodotti\/portoni-industriali\/porte-avvolgibili-in-pvc\/","og_site_name":"Mortec Tor: Industrietore \u00b7 Einfahrtstore \u00b7 Garagentore","article_publisher":"https:\/\/m.facebook.com\/MortecTooor\/","og_image":[{"width":576,"height":360,"url":"https:\/\/www.mortec.it\/wp-content\/uploads\/2021\/03\/SLT_1-1.jpg","type":"image\/jpeg"}],"twitter_card":"summary_large_image","twitter_misc":{"Tempo di lettura stimato":"14 minuti"},"schema":{"@context":"https:\/\/schema.org","@graph":[{"@type":"WebPage","@id":"https:\/\/www.mortec.it\/it\/prodotti\/portoni-industriali\/porte-avvolgibili-in-pvc\/","url":"https:\/\/www.mortec.it\/it\/prodotti\/portoni-industriali\/porte-avvolgibili-in-pvc\/","name":"Porte avvolgibili in PVC - Mortec Tor: Industrietore \u00b7 Einfahrtstore \u00b7 Garagentore","isPartOf":{"@id":"https:\/\/www.mortec.it\/it\/#website"},"datePublished":"2021-05-08T03:13:26+00:00","dateModified":"2021-05-08T03:13:26+00:00","breadcrumb":{"@id":"https:\/\/www.mortec.it\/it\/prodotti\/portoni-industriali\/porte-avvolgibili-in-pvc\/#breadcrumb"},"inLanguage":"it-IT","potentialAction":[{"@type":"ReadAction","target":["https:\/\/www.mortec.it\/it\/prodotti\/portoni-industriali\/porte-avvolgibili-in-pvc\/"]}]},{"@type":"BreadcrumbList","@id":"https:\/\/www.mortec.it\/it\/prodotti\/portoni-industriali\/porte-avvolgibili-in-pvc\/#breadcrumb","itemListElement":[{"@type":"ListItem","position":1,"name":"Home","item":"https:\/\/www.mortec.it\/it\/"},{"@type":"ListItem","position":2,"name":"Prodotti","item":"https:\/\/www.mortec.it\/it\/prodotti\/"},{"@type":"ListItem","position":3,"name":"Portoni industriali","item":"https:\/\/www.mortec.it\/it\/prodotti\/portoni-industriali\/"},{"@type":"ListItem","position":4,"name":"Porte avvolgibili in PVC"}]},{"@type":"WebSite","@id":"https:\/\/www.mortec.it\/it\/#website","url":"https:\/\/www.mortec.it\/it\/","name":"Mortec Tor: Industrietore \u00b7 Einfahrtstore \u00b7 Garagentore","description":"Eine weitere WordPress-Website","publisher":{"@id":"https:\/\/www.mortec.it\/it\/#organization"},"potentialAction":[{"@type":"SearchAction","target":{"@type":"EntryPoint","urlTemplate":"https:\/\/www.mortec.it\/it\/?s={search_term_string}"},"query-input":"required name=search_term_string"}],"inLanguage":"it-IT"},{"@type":"Organization","@id":"https:\/\/www.mortec.it\/it\/#organization","name":"Mooortec GmbH","url":"https:\/\/www.mortec.it\/it\/","logo":{"@type":"ImageObject","inLanguage":"it-IT","@id":"https:\/\/www.mortec.it\/it\/#\/schema\/logo\/image\/","url":"https:\/\/mortec.it\/wp-content\/uploads\/2021\/04\/Mortect-Tor.png","contentUrl":"https:\/\/mortec.it\/wp-content\/uploads\/2021\/04\/Mortect-Tor.png","width":515,"height":189,"caption":"Mooortec GmbH"},"image":{"@id":"https:\/\/www.mortec.it\/it\/#\/schema\/logo\/image\/"},"sameAs":["https:\/\/m.facebook.com\/MortecTooor\/"]}]}},"_links":{"self":[{"href":"https:\/\/www.mortec.it\/it\/wp-json\/wp\/v2\/pages\/2092"}],"collection":[{"href":"https:\/\/www.mortec.it\/it\/wp-json\/wp\/v2\/pages"}],"about":[{"href":"https:\/\/www.mortec.it\/it\/wp-json\/wp\/v2\/types\/page"}],"author":[{"embeddable":true,"href":"https:\/\/www.mortec.it\/it\/wp-json\/wp\/v2\/users\/1"}],"replies":[{"embeddable":true,"href":"https:\/\/www.mortec.it\/it\/wp-json\/wp\/v2\/comments?post=2092"}],"version-history":[{"count":4,"href":"https:\/\/www.mortec.it\/it\/wp-json\/wp\/v2\/pages\/2092\/revisions"}],"predecessor-version":[{"id":2096,"href":"https:\/\/www.mortec.it\/it\/wp-json\/wp\/v2\/pages\/2092\/revisions\/2096"}],"up":[{"embeddable":true,"href":"https:\/\/www.mortec.it\/it\/wp-json\/wp\/v2\/pages\/1279"}],"wp:featuredmedia":[{"embeddable":true,"href":"https:\/\/www.mortec.it\/it\/wp-json\/wp\/v2\/media\/1550"}],"wp:attachment":[{"href":"https:\/\/www.mortec.it\/it\/wp-json\/wp\/v2\/media?parent=2092"}],"curies":[{"name":"wp","href":"https:\/\/api.w.org\/{rel}","templated":true}]}}